






{"id":592,"date":"2026-01-04T03:31:48","date_gmt":"2026-01-04T00:31:48","guid":{"rendered":"https:\/\/www.trakya3d.com\/?post_type=product&#038;p=592"},"modified":"2026-04-10T09:46:41","modified_gmt":"2026-04-10T06:46:41","slug":"pla-500mms-ten-rengi1kg","status":"publish","type":"product","link":"https:\/\/www.trakya3d.com\/index.php\/urun\/pla-500mms-ten-rengi1kg\/","title":{"rendered":"PLA + 500mms Ten Rengi1KG"},"content":{"rendered":"<p>\u0130STANBUL filament, 3D bask\u0131 s\u00fcrecinde kolayl\u0131kla kullan\u0131labilen bir filamenttir. \u0130yi bir tutarl\u0131l\u0131k sa\u011flar ve d\u00fczg\u00fcn bir \u015fekilde beslenerek bask\u0131 yapman\u0131z\u0131 sa\u011flar.<\/p>\n<p>\u00c7evre dostu: PLA, biyobozulur bir malzemedir, yani do\u011fada \u00e7\u00fcr\u00fcyebilir. Bitkisel bazl\u0131 oldu\u011fu i\u00e7in fosil yak\u0131tlar\u0131na dayal\u0131 plastiklerden daha \u00e7evre dostudur.<\/p>\n<p>D\u00fc\u015f\u00fck termal deformasyon: PLA\u2019n\u0131n termal deformasyon e\u015fi\u011fi, di\u011fer yayg\u0131n filament t\u00fcrlerinden daha d\u00fc\u015f\u00fckt\u00fcr. Bu, PLA\u2019n\u0131n d\u00fc\u015f\u00fck s\u0131cakl\u0131kta bask\u0131 yapabilmesi anlam\u0131na gelir. Is\u0131tma tablas\u0131 gereksinimleri genellikle di\u011fer filament t\u00fcrlerine k\u0131yasla daha d\u00fc\u015f\u00fckt\u00fcr.<\/p>\n<p>Az kokulu: PLA filament, di\u011fer baz\u0131 filament t\u00fcrlerine k\u0131yasla daha az kokuya sahiptir. Bask\u0131 s\u00fcreci s\u0131ras\u0131nda neredeyse kokusuzdur, bu da kullan\u0131c\u0131lar i\u00e7in daha iyi bir deneyim sa\u011flar.<\/p>\n<p>Geni\u015f renk se\u00e7ene\u011fi: \u0130stanbul filament, bir\u00e7ok farkl\u0131 renkte bulunabilir. Bu, kullan\u0131c\u0131lar\u0131n yarat\u0131c\u0131l\u0131klar\u0131n\u0131 sergileyebilecekleri ve \u00e7e\u015fitli projeler i\u00e7in istedikleri renkleri se\u00e7ebilecekleri anlam\u0131na gelir.<\/p>\n<p>TEKN\u0130K \u00d6ZELL\u0130KLER\u0130<br \/>\n\u00c7al\u0131\u015fma s\u0131cakl\u0131\u011f\u0131 190-240 C<br \/>\nTabla s\u0131cakl\u0131\u011f\u0131 60-80 C<br \/>\nA\u011f\u0131rl\u0131k 1000 grm<br \/>\nMakara a\u011f\u0131rl\u0131k 200 grm<br \/>\n\u00c7ap tolerans +\/- 0.05 mm<br \/>\n\u00c7ap 1.75 mm<\/p>\n","protected":false},"excerpt":{"rendered":"<p>\u00c7al\u0131\u015fma s\u0131cakl\u0131\u011f\u0131 190-240 C<br \/>\nTabla s\u0131cakl\u0131\u011f\u0131 60-80 C<br \/>\nA\u011f\u0131rl\u0131k 1000 grm<br \/>\nMakara a\u011f\u0131rl\u0131k 200 grm<br \/>\n\u00c7ap tolerans +\/- 0.05 mm<br \/>\n\u00c7ap 1.75 mm<\/p>\n","protected":false},"featured_media":593,"comment_status":"open","ping_status":"closed","template":"","meta":[],"product_brand":[43],"product_cat":[50],"product_tag":[54,53],"class_list":{"0":"post-592","1":"product","2":"type-product","3":"status-publish","4":"has-post-thumbnail","6":"product_brand-istanbul_filament","7":"product_cat-pla-pla","8":"product_tag-istanbul-filament","9":"product_tag-pla","10":"pa_filament-capi-1-75mm","11":"pa_urun-agirligi-1-kg","12":"pa_urun-rengi-ten-rengi","14":"first","15":"instock","16":"sale","17":"shipping-taxable","18":"purchasable","19":"product-type-simple"},"_links":{"self":[{"href":"https:\/\/www.trakya3d.com\/index.php\/wp-json\/wp\/v2\/product\/592","targetHints":{"allow":["GET"]}}],"collection":[{"href":"https:\/\/www.trakya3d.com\/index.php\/wp-json\/wp\/v2\/product"}],"about":[{"href":"https:\/\/www.trakya3d.com\/index.php\/wp-json\/wp\/v2\/types\/product"}],"replies":[{"embeddable":true,"href":"https:\/\/www.trakya3d.com\/index.php\/wp-json\/wp\/v2\/comments?post=592"}],"wp:featuredmedia":[{"embeddable":true,"href":"https:\/\/www.trakya3d.com\/index.php\/wp-json\/wp\/v2\/media\/593"}],"wp:attachment":[{"href":"https:\/\/www.trakya3d.com\/index.php\/wp-json\/wp\/v2\/media?parent=592"}],"wp:term":[{"taxonomy":"product_brand","embeddable":true,"href":"https:\/\/www.trakya3d.com\/index.php\/wp-json\/wp\/v2\/product_brand?post=592"},{"taxonomy":"product_cat","embeddable":true,"href":"https:\/\/www.trakya3d.com\/index.php\/wp-json\/wp\/v2\/product_cat?post=592"},{"taxonomy":"product_tag","embeddable":true,"href":"https:\/\/www.trakya3d.com\/index.php\/wp-json\/wp\/v2\/product_tag?post=592"}],"curies":[{"name":"wp","href":"https:\/\/api.w.org\/{rel}","templated":true}]}}