






{"id":2461,"date":"2026-02-09T20:53:18","date_gmt":"2026-02-09T17:53:18","guid":{"rendered":"https:\/\/www.trakya3d.com\/?post_type=product&#038;p=2461"},"modified":"2026-02-14T23:18:44","modified_gmt":"2026-02-14T20:18:44","slug":"ntc-100k-isi-sensoru-termistor-1-mt-kablo","status":"publish","type":"product","link":"https:\/\/www.trakya3d.com\/index.php\/urun\/ntc-100k-isi-sensoru-termistor-1-mt-kablo\/","title":{"rendered":"NTC 100K Is\u0131 Sens\u00f6r\u00fc-Termist\u00f6r (1 mt Kablo)"},"content":{"rendered":"<h1 data-heading-tag=\"H1\"><strong>NTC 100K Is\u0131 Sens\u00f6r\u00fc (Termist\u00f6r) XH2.54 Konnekt\u00f6rl\u00fc<\/strong><\/h1>\n<p>3D yaz\u0131c\u0131larda en \u00e7ok kullan\u0131lan s\u0131cakl\u0131k sens\u00f6r\u00fc\u00a0<em><strong>NTC 100K termist\u00f6rd\u00fcr<\/strong><\/em>.\u00a0<em><strong>100K NTC Is\u0131 Sens\u00f6r\u00fc<\/strong><\/em>, sahip oldu\u011fu XH2.54 Konnekt\u00f6r ile t\u00fcm 3D Yaz\u0131c\u0131 kontrol kartlar\u0131 ile uyumludur.\u00a0<em><strong>3D Yaz\u0131c\u0131 s\u0131cakl\u0131k sens\u00f6r\u00fc<\/strong><\/em>\u00a0yani\u00a0<strong><em>termist\u00f6r<\/em><\/strong>,\u00a03D Yaz\u0131c\u0131larda en \u00f6nemli ve hayati par\u00e7alar\u0131n ba\u015f\u0131nda gelir. Ortam s\u0131cakl\u0131\u011f\u0131na g\u00f6re artan veya azalan diren\u00e7 ana kart \u00fczerindeki i\u015flemciye e\u015f zamanl\u0131 olarak iletilir. Ana kart bu de\u011ferleri yaz\u0131l\u0131m (firmware) vas\u0131tas\u0131yla i\u015fleyerek \u0131s\u0131t\u0131c\u0131lar\u0131 kontrol eder. Gerek \u0131stmal\u0131 yatak gerekse hotend \u0131s\u0131 kontrolu,\u00a0<em><strong>termist\u00f6r<\/strong><\/em>\u00a0ile \u00f6l\u00e7\u00fclen de\u011ferlere g\u00f6re yap\u0131l\u0131r. Olas\u0131 bir\u00a0<em><strong>s\u0131cakl\u0131k sens\u00f6r\u00fc<\/strong><\/em>\u00a0ar\u0131zas\u0131 durumunda yaz\u0131l\u0131m\u00a0<strong>&#8220;Thermal Runaway&#8221;<\/strong>\u00a0hatas\u0131 vererek t\u00fcm \u0131s\u0131t\u0131c\u0131lar\u0131 otomatik olarak kapat\u0131r. (Umar\u0131z!) Hayati \u00f6neme sahip bu par\u00e7an\u0131n ar\u0131zas\u0131 yang\u0131n ihtimali bar\u0131nd\u0131rd\u0131\u011f\u0131ndan, montaj\u0131n\u0131n do\u011fru yap\u0131lmas\u0131,\u00a0<em><strong>termist\u00f6r\u00fc<\/strong><\/em>\u00a0\u0131s\u0131 blo\u011funa sabitleyen vidan\u0131n fazla s\u0131k\u0131larak kablolar\u0131 ezmemesi, olas\u0131 kablo a\u015f\u0131nmas\u0131, yanmas\u0131 v.b durumlar\u00a0 s\u0131k s\u0131k kontrol edilmelidir. Klasik\u00a0<em><strong>cam termist\u00f6r<\/strong><\/em>ler m\u00fcmk\u00fcnse sadece \u0131s\u0131tmal\u0131 yatak i\u00e7in kullan\u0131lmal\u0131, hotend gibi s\u00fcrekli hareket halindeki par\u00e7alarda\u00a0<em><strong>NTC 100K PT100 tipi metal k\u0131l\u0131fl\u0131 termist\u00f6r<\/strong><\/em>\u00a0tercih edilmelidir.<\/p>\n<p>&nbsp;<\/p>\n<h2>Teknik \u00d6zellikleri<\/h2>\n<h2 data-heading-tag=\"H2\"><strong>\u00a0 NTC 100K S\u0131cakl\u0131k Sens\u00f6r\u00fc (Termist\u00f6r) Teknik \u00d6zellikleri<\/strong><\/h2>\n<p>&nbsp;<\/p>\n<ul>\n<li><strong>Kablo Is\u0131 Dayan\u0131m\u0131:<\/strong>\u00a0200? (max)<\/li>\n<li><strong>Nominal diren\u00e7:<\/strong>R25 (25 ?): 100k<\/li>\n<li><strong>Diren\u00e7 do\u011frulu\u011fu:<\/strong>\u00a0\u00b1 1%<\/li>\n<li><strong>B de\u011feri R25 \/ 50:<\/strong>\u00a03950k<\/li>\n<li><strong>B de\u011feri do\u011frulu\u011fu:<\/strong>\u00a0\u00b1 1%<\/li>\n<li><strong>\u00c7al\u0131\u015fma s\u0131cakl\u0131\u011f\u0131 aral\u0131\u011f\u0131:<\/strong>\u00a0-40 ? ~ +300 ?<\/li>\n<li><strong>Da\u011f\u0131lma g\u00fc\u00e7 fakt\u00f6r\u00fc:<\/strong>\u00a0\u2265 5 mW \/ ? (statik hava)<\/li>\n<li><strong>Termal zaman sabiti:<\/strong>\u00a0\u2264 7S (statik hava)<\/li>\n<li><strong>Maksimum nominal g\u00fc\u00e7:<\/strong>\u00a045mW<\/li>\n<li><strong>Kablo Uzunlu\u011fu:<\/strong>\u00a01 metre<\/li>\n<li><strong>Konnekt\u00f6r:<\/strong>\u00a02 Pin JST XH 2.54<\/li>\n<\/ul>\n","protected":false},"excerpt":{"rendered":"<h1 data-heading-tag=\"H1\"><strong>NTC 100K Is\u0131 Sens\u00f6r\u00fc (Termist\u00f6r) XH2.54 Konnekt\u00f6r<\/strong><\/h1>\n<p>3D yaz\u0131c\u0131larda en \u00e7ok kullan\u0131lan s\u0131cakl\u0131k sens\u00f6r\u00fc\u00a0<em><strong>NTC 100K termist\u00f6rd\u00fcr<\/strong><\/em>.\u00a0<em><strong>100K NTC Is\u0131 Sens\u00f6r\u00fc<\/strong><\/em>, sahip oldu\u011fu XH2.54 Konnekt\u00f6r ile t\u00fcm 3D Yaz\u0131c\u0131 kontrol kartlar\u0131 ile uyumludur.\u00a0<em><strong>3D Yaz\u0131c\u0131 s\u0131cakl\u0131k sens\u00f6r\u00fc<\/strong><\/em>\u00a0yani\u00a0<strong><em>termist\u00f6r<\/em><\/strong>,\u00a03D Yaz\u0131c\u0131larda en \u00f6nemli ve hayati par\u00e7alar\u0131n ba\u015f\u0131nda gelir. Ortam s\u0131cakl\u0131\u011f\u0131na g\u00f6re artan veya azalan diren\u00e7 ana kart \u00fczerindeki i\u015flemciye e\u015f zamanl\u0131 olarak iletilir. Ana kart bu de\u011ferleri yaz\u0131l\u0131m (firmware) vas\u0131tas\u0131yla i\u015fleyerek \u0131s\u0131t\u0131c\u0131lar\u0131 kontrol eder. Gerek \u0131stmal\u0131 yatak gerekse hotend \u0131s\u0131 kontrolu,\u00a0<em><strong>termist\u00f6r<\/strong><\/em>\u00a0ile \u00f6l\u00e7\u00fclen de\u011ferlere g\u00f6re yap\u0131l\u0131r. Olas\u0131 bir\u00a0<em><strong>s\u0131cakl\u0131k sens\u00f6r\u00fc<\/strong><\/em>\u00a0ar\u0131zas\u0131 durumunda yaz\u0131l\u0131m\u00a0<strong>&#8220;Thermal Runaway&#8221;<\/strong>\u00a0hatas\u0131 vererek t\u00fcm \u0131s\u0131t\u0131c\u0131lar\u0131 otomatik olarak kapat\u0131r. (Umar\u0131z!) Hayati \u00f6neme sahip bu par\u00e7an\u0131n ar\u0131zas\u0131 yang\u0131n ihtimali bar\u0131nd\u0131rd\u0131\u011f\u0131ndan, montaj\u0131n\u0131n do\u011fru yap\u0131lmas\u0131,\u00a0<em><strong>termist\u00f6r\u00fc<\/strong><\/em>\u00a0\u0131s\u0131 blo\u011funa sabitleyen vidan\u0131n fazla s\u0131k\u0131larak kablolar\u0131 ezmemesi, olas\u0131 kablo a\u015f\u0131nmas\u0131, yanmas\u0131 v.b durumlar\u00a0 s\u0131k s\u0131k kontrol edilmelidir. Klasik\u00a0<em><strong>cam termist\u00f6r<\/strong><\/em>ler m\u00fcmk\u00fcnse sadece \u0131s\u0131tmal\u0131 yatak i\u00e7in kullan\u0131lmal\u0131, hotend gibi s\u00fcrekli hareket halindeki par\u00e7alarda\u00a0<em><strong>NTC 100K PT100 tipi metal k\u0131l\u0131fl\u0131 termist\u00f6r<\/strong><\/em>\u00a0tercih edilmelidir.<\/p>\n","protected":false},"featured_media":2462,"comment_status":"open","ping_status":"closed","template":"","meta":[],"product_brand":[86],"product_cat":[82],"product_tag":[],"class_list":{"0":"post-2461","1":"product","2":"type-product","3":"status-publish","4":"has-post-thumbnail","6":"product_brand-oem","7":"product_cat-3delektronik","9":"first","10":"instock","11":"shipping-taxable","12":"purchasable","13":"product-type-simple"},"_links":{"self":[{"href":"https:\/\/www.trakya3d.com\/index.php\/wp-json\/wp\/v2\/product\/2461","targetHints":{"allow":["GET"]}}],"collection":[{"href":"https:\/\/www.trakya3d.com\/index.php\/wp-json\/wp\/v2\/product"}],"about":[{"href":"https:\/\/www.trakya3d.com\/index.php\/wp-json\/wp\/v2\/types\/product"}],"replies":[{"embeddable":true,"href":"https:\/\/www.trakya3d.com\/index.php\/wp-json\/wp\/v2\/comments?post=2461"}],"wp:featuredmedia":[{"embeddable":true,"href":"https:\/\/www.trakya3d.com\/index.php\/wp-json\/wp\/v2\/media\/2462"}],"wp:attachment":[{"href":"https:\/\/www.trakya3d.com\/index.php\/wp-json\/wp\/v2\/media?parent=2461"}],"wp:term":[{"taxonomy":"product_brand","embeddable":true,"href":"https:\/\/www.trakya3d.com\/index.php\/wp-json\/wp\/v2\/product_brand?post=2461"},{"taxonomy":"product_cat","embeddable":true,"href":"https:\/\/www.trakya3d.com\/index.php\/wp-json\/wp\/v2\/product_cat?post=2461"},{"taxonomy":"product_tag","embeddable":true,"href":"https:\/\/www.trakya3d.com\/index.php\/wp-json\/wp\/v2\/product_tag?post=2461"}],"curies":[{"name":"wp","href":"https:\/\/api.w.org\/{rel}","templated":true}]}}