






{"id":2458,"date":"2026-02-09T20:34:30","date_gmt":"2026-02-09T17:34:30","guid":{"rendered":"https:\/\/www.trakya3d.com\/?post_type=product&#038;p=2458"},"modified":"2026-02-10T10:37:51","modified_gmt":"2026-02-10T07:37:51","slug":"pla-3d-kalem-yazici-icin-5-renk-5x5-metre-25-metre-pla-filament","status":"publish","type":"product","link":"https:\/\/www.trakya3d.com\/index.php\/urun\/pla-3d-kalem-yazici-icin-5-renk-5x5-metre-25-metre-pla-filament\/","title":{"rendered":"PLA 3D Kalem Yaz\u0131c\u0131 i\u00e7in 5 Renk (5&#215;5 metre) 25 Metre PLA Filament"},"content":{"rendered":"<h3 data-end=\"189\" data-start=\"121\" data-heading-tag=\"H3\"><strong data-end=\"189\" data-start=\"128\">PLA 3D Kalem Filamenti \u2013 Hayal Et, \u00c7iz, Ger\u00e7e\u011fe D\u00f6n\u00fc\u015ft\u00fcr!<\/strong><\/h3>\n<p data-end=\"495\" data-start=\"191\">Yarat\u0131c\u0131l\u0131\u011f\u0131n\u0131z\u0131 s\u0131n\u0131rlamay\u0131n!<br data-end=\"224\" data-start=\"221\" \/><strong data-end=\"250\" data-start=\"224\">PLA 3D Kalem Filamenti<\/strong>, \u00e7ocuklardan tasar\u0131mc\u0131lara kadar herkesin kolayca kullanabilece\u011fi, y\u00fcksek kaliteli ve \u00e7evre dostu bir malzemedir. D\u00fc\u015f\u00fck s\u0131cakl\u0131kta eriyen yap\u0131s\u0131 sayesinde\u00a0<strong data-end=\"431\" data-start=\"406\">3D kalemlerle g\u00fcvenli<\/strong>,\u00a0<strong data-end=\"445\" data-start=\"433\">p\u00fcr\u00fczs\u00fcz<\/strong>\u00a0ve\u00a0<strong data-end=\"466\" data-start=\"449\">parlak renkli<\/strong>\u00a0\u00e7izimler yapman\u0131z\u0131 sa\u011flar.<\/p>\n<p data-end=\"527\" data-start=\"497\"><strong data-end=\"525\" data-start=\"500\">\u00d6ne \u00c7\u0131kan \u00d6zellikler:<\/strong><\/p>\n<ul data-end=\"954\" data-start=\"528\">\n<li data-end=\"615\" data-start=\"528\">\n<p data-end=\"615\" data-start=\"530\"><strong data-end=\"557\" data-start=\"533\">Do\u011fal &amp; \u00c7evre Dostu:<\/strong>\u00a0M\u0131s\u0131r ni\u015fastas\u0131ndan \u00fcretilmi\u015ftir, toksik madde i\u00e7ermez.<\/p>\n<\/li>\n<li data-end=\"710\" data-start=\"616\">\n<p data-end=\"710\" data-start=\"618\"><strong data-end=\"639\" data-start=\"620\">Kolay Kullan\u0131m:<\/strong>\u00a0D\u00fc\u015f\u00fck s\u0131cakl\u0131kta h\u0131zl\u0131ca erir, t\u0131kanma yapmaz, p\u00fcr\u00fczs\u00fcz ak\u0131\u015f sa\u011flar.<\/p>\n<\/li>\n<li data-end=\"792\" data-start=\"711\">\n<p data-end=\"792\" data-start=\"713\"><strong data-end=\"734\" data-start=\"716\">Canl\u0131 Renkler:<\/strong>\u00a0Parlak ve doygun renkleriyle \u00e7izimlerinize hayat katar.<\/p>\n<\/li>\n<li data-end=\"879\" data-start=\"793\">\n<p data-end=\"879\" data-start=\"795\"><strong data-end=\"821\" data-start=\"798\">Evrensel Uyumluluk:<\/strong>\u00a0T\u00fcm PLA destekli 3D kalemlerle uyumludur (1.75 mm \u00e7ap).<\/p>\n<\/li>\n<li data-end=\"954\" data-start=\"880\">\n<p data-end=\"954\" data-start=\"882\"><strong data-end=\"913\" data-start=\"887\">\u00c7ocuklar \u0130\u00e7in G\u00fcvenli:<\/strong>\u00a0Kokusu yoktur, g\u00fcvenli kullan\u0131m sunar.<\/p>\n<\/li>\n<\/ul>\n<p data-end=\"1125\" data-start=\"956\">\u0130ster okul projesi yap\u0131n, ister kendi sanat eserinizi yarat\u0131n \u2014 <strong data-end=\"1048\" data-start=\"1022\">PLA 3D Kalem Filamenti<\/strong>, fikirlerinizi renkli bir \u015fekilde ger\u00e7e\u011fe d\u00f6n\u00fc\u015ft\u00fcrmenin en e\u011flenceli\u00a0yolu!<\/p>\n","protected":false},"excerpt":{"rendered":"<h3 data-end=\"189\" data-start=\"121\" data-heading-tag=\"H3\"><strong data-end=\"189\" data-start=\"128\">PLA 3D Kalem Filamenti \u2013 Hayal Et, \u00c7iz, Ger\u00e7e\u011fe D\u00f6n\u00fc\u015ft\u00fcr!<\/strong><\/h3>\n<p data-end=\"495\" data-start=\"191\">Yarat\u0131c\u0131l\u0131\u011f\u0131n\u0131z\u0131 s\u0131n\u0131rlamay\u0131n!<br data-end=\"224\" data-start=\"221\" \/><strong data-end=\"250\" data-start=\"224\">PLA 3D Kalem Filamenti<\/strong>, \u00e7ocuklardan tasar\u0131mc\u0131lara kadar herkesin kolayca kullanabilece\u011fi, y\u00fcksek kaliteli ve \u00e7evre dostu bir malzemedir. D\u00fc\u015f\u00fck s\u0131cakl\u0131kta eriyen yap\u0131s\u0131 sayesinde\u00a0<strong data-end=\"431\" data-start=\"406\">3D kalemlerle g\u00fcvenli<\/strong>,\u00a0<strong data-end=\"445\" data-start=\"433\">p\u00fcr\u00fczs\u00fcz<\/strong>\u00a0ve\u00a0<strong data-end=\"466\" data-start=\"449\">parlak renkli<\/strong>\u00a0\u00e7izimler yapman\u0131z\u0131 sa\u011flar.<\/p>\n","protected":false},"featured_media":2457,"comment_status":"open","ping_status":"closed","template":"","meta":[],"product_brand":[43],"product_cat":[50],"product_tag":[],"class_list":{"0":"post-2458","1":"product","2":"type-product","3":"status-publish","4":"has-post-thumbnail","6":"product_brand-istanbul_filament","7":"product_cat-pla-pla","8":"pa_filament-capi-1-75mm","10":"first","11":"instock","12":"sale","13":"shipping-taxable","14":"purchasable","15":"product-type-simple"},"_links":{"self":[{"href":"https:\/\/www.trakya3d.com\/index.php\/wp-json\/wp\/v2\/product\/2458","targetHints":{"allow":["GET"]}}],"collection":[{"href":"https:\/\/www.trakya3d.com\/index.php\/wp-json\/wp\/v2\/product"}],"about":[{"href":"https:\/\/www.trakya3d.com\/index.php\/wp-json\/wp\/v2\/types\/product"}],"replies":[{"embeddable":true,"href":"https:\/\/www.trakya3d.com\/index.php\/wp-json\/wp\/v2\/comments?post=2458"}],"wp:featuredmedia":[{"embeddable":true,"href":"https:\/\/www.trakya3d.com\/index.php\/wp-json\/wp\/v2\/media\/2457"}],"wp:attachment":[{"href":"https:\/\/www.trakya3d.com\/index.php\/wp-json\/wp\/v2\/media?parent=2458"}],"wp:term":[{"taxonomy":"product_brand","embeddable":true,"href":"https:\/\/www.trakya3d.com\/index.php\/wp-json\/wp\/v2\/product_brand?post=2458"},{"taxonomy":"product_cat","embeddable":true,"href":"https:\/\/www.trakya3d.com\/index.php\/wp-json\/wp\/v2\/product_cat?post=2458"},{"taxonomy":"product_tag","embeddable":true,"href":"https:\/\/www.trakya3d.com\/index.php\/wp-json\/wp\/v2\/product_tag?post=2458"}],"curies":[{"name":"wp","href":"https:\/\/api.w.org\/{rel}","templated":true}]}}