






{"id":1007,"date":"2026-01-16T17:48:45","date_gmt":"2026-01-16T14:48:45","guid":{"rendered":"https:\/\/www.trakya3d.com\/?post_type=product&#038;p=1007"},"modified":"2026-01-16T17:48:45","modified_gmt":"2026-01-16T14:48:45","slug":"creality-cr-abs-grey-gri-filament-1-75mm-1kg","status":"publish","type":"product","link":"https:\/\/www.trakya3d.com\/index.php\/urun\/creality-cr-abs-grey-gri-filament-1-75mm-1kg\/","title":{"rendered":"Creality Cr-Abs Grey Gri Filament 1.75MM 1kg"},"content":{"rendered":"<p>Creality firmas\u0131n\u0131n orijinal \u00fcr\u00fcn\u00fc olup,\u00a0PLA filementlere g\u00f6re s\u0131cakl\u0131\u011fa ve darbelere kar\u015f\u0131 daha dayan\u0131kl\u0131d\u0131r. ABS Filamentler end\u00fcstiryel uygulamalarda ve prototiplerde s\u0131kl\u0131kla kullan\u0131lmaktad\u0131r. Kapal\u0131 kasa 3D yaz\u0131c\u0131lar bask\u0131 al\u0131nmas\u0131 \u00f6nerilmektedir. A\u00e7\u0131k kasa cihazlarda bask\u0131 almas\u0131 zordur.\u00a0B\u00fct\u00fcn 3D yaz\u0131c\u0131 modelleriyle rahatl\u0131kla bask\u0131 al\u0131nabilmektedir.<\/p>\n<p><strong>Teknik \u00d6zellikler :<\/strong><\/p>\n<ul>\n<li>Model: Creality CR-ABS Filament<\/li>\n<li>Renk: Gri<\/li>\n<li>Filament \u00c7ap\u0131: 1.75mm<\/li>\n<li>Hotend S\u0131cakl\u0131\u011f\u0131: 220\u00b0C &#8211; 260\u00b0C<\/li>\n<li>Tabla(Hotbed) S\u0131cakl\u0131\u011f\u0131: 90\u00b0C &#8211; 100\u00b0C<\/li>\n<li>Filament Net A\u011f\u0131rl\u0131\u011f\u0131: 1 kg<\/li>\n<li>%100 bo\u015fluksuz\/baloncuksuzdur.<\/li>\n<li>Piyasa da bulunan di\u011fer markalara g\u00f6re fiyat\/performans \u00fcr\u00fcnleri aras\u0131ndad\u0131r.<\/li>\n<\/ul>\n","protected":false},"excerpt":{"rendered":"<p>Creality firmas\u0131n\u0131n orijinal \u00fcr\u00fcn\u00fc olup,\u00a0PLA filementlere g\u00f6re s\u0131cakl\u0131\u011fa ve darbelere kar\u015f\u0131 daha dayan\u0131kl\u0131d\u0131r. ABS Filamentler end\u00fcstiryel uygulamalarda ve prototiplerde s\u0131kl\u0131kla kullan\u0131lmaktad\u0131r. Kapal\u0131 kasa 3D yaz\u0131c\u0131lar bask\u0131 al\u0131nmas\u0131 \u00f6nerilmektedir. A\u00e7\u0131k kasa cihazlarda bask\u0131 almas\u0131 zordur.\u00a0B\u00fct\u00fcn 3D yaz\u0131c\u0131 modelleriyle rahatl\u0131kla bask\u0131 al\u0131nabilmektedir.<\/p>\n","protected":false},"featured_media":1008,"comment_status":"open","ping_status":"closed","template":"","meta":[],"product_brand":[73],"product_cat":[46],"product_tag":[],"class_list":{"0":"post-1007","1":"product","2":"type-product","3":"status-publish","4":"has-post-thumbnail","6":"product_brand-creality","7":"product_cat-abs","8":"pa_filament-capi-1-75mm","9":"pa_urun-agirligi-1-kg","10":"pa_urun-rengi-gri","12":"first","13":"instock","14":"shipping-taxable","15":"purchasable","16":"product-type-simple"},"_links":{"self":[{"href":"https:\/\/www.trakya3d.com\/index.php\/wp-json\/wp\/v2\/product\/1007","targetHints":{"allow":["GET"]}}],"collection":[{"href":"https:\/\/www.trakya3d.com\/index.php\/wp-json\/wp\/v2\/product"}],"about":[{"href":"https:\/\/www.trakya3d.com\/index.php\/wp-json\/wp\/v2\/types\/product"}],"replies":[{"embeddable":true,"href":"https:\/\/www.trakya3d.com\/index.php\/wp-json\/wp\/v2\/comments?post=1007"}],"wp:featuredmedia":[{"embeddable":true,"href":"https:\/\/www.trakya3d.com\/index.php\/wp-json\/wp\/v2\/media\/1008"}],"wp:attachment":[{"href":"https:\/\/www.trakya3d.com\/index.php\/wp-json\/wp\/v2\/media?parent=1007"}],"wp:term":[{"taxonomy":"product_brand","embeddable":true,"href":"https:\/\/www.trakya3d.com\/index.php\/wp-json\/wp\/v2\/product_brand?post=1007"},{"taxonomy":"product_cat","embeddable":true,"href":"https:\/\/www.trakya3d.com\/index.php\/wp-json\/wp\/v2\/product_cat?post=1007"},{"taxonomy":"product_tag","embeddable":true,"href":"https:\/\/www.trakya3d.com\/index.php\/wp-json\/wp\/v2\/product_tag?post=1007"}],"curies":[{"name":"wp","href":"https:\/\/api.w.org\/{rel}","templated":true}]}}