






{"id":1003,"date":"2026-01-16T17:39:57","date_gmt":"2026-01-16T14:39:57","guid":{"rendered":"https:\/\/www.trakya3d.com\/?post_type=product&#038;p=1003"},"modified":"2026-01-16T17:39:57","modified_gmt":"2026-01-16T14:39:57","slug":"porima-pc-abs-filament-ral9005-1kg-1-75mm-siyah","status":"publish","type":"product","link":"https:\/\/www.trakya3d.com\/index.php\/urun\/porima-pc-abs-filament-ral9005-1kg-1-75mm-siyah\/","title":{"rendered":"Porima Pc\/ABS Filament RAL9005 1kg\u00a0&#8211; 1.75MM Siyah"},"content":{"rendered":"<h3 data-heading-tag=\"H3\">Porima Pc\/ABS Filament RAL9005 1kg\u00a0&#8211; 1.75MM Siyah<\/h3>\n<p>Porima PC\/ABS Filament 1.75mm, y\u00fcksek darbe dayan\u0131m\u0131 ile karakterize edilen bir filamenttir, y\u00fcksek s\u0131cakl\u0131k dayan\u0131m\u0131na sahiptir ve 120\u00b0C&#8217;ye kadar olan s\u0131cakl\u0131klarda kullan\u0131labilir. Kimyasallara kar\u015f\u0131 diren\u00e7 g\u00f6sterir. Elektriksel yal\u0131t\u0131m \u00f6zelli\u011fi bulunmaktad\u0131r. Y\u00fczey kalitesi m\u00fckemmeldir ve mat bir g\u00f6r\u00fcn\u00fcm sunar. Filamentin d\u00fc\u015f\u00fck \u00e7arp\u0131lma davran\u0131\u015f\u0131 vard\u0131r, bu da bask\u0131n\u0131n yap\u0131s\u0131 \u00fczerinde olumsuz etkilere neden olmaz.<\/p>\n<p>&nbsp;<\/p>\n<div class=\"p3d-block p3d-block-1 p3d-heading\">\n<h2 data-heading-tag=\"H2\">Fiziksel ve Kimyasal \u00d6zellikler<\/h2>\n<\/div>\n<div class=\"p3d-block p3d-block-2 p3d-text\">\n<div class=\"p3d-text-content\">\n<ul>\n<li>Y\u00fcksek s\u0131cakl\u0131k dayan\u0131m\u0131 (120\u00b0C)<\/li>\n<li>Y\u00fcksek bas\u0131n\u00e7 alt\u0131nda uzun s\u00fcre \u00e7al\u0131\u015fabilme<\/li>\n<li>Y\u00fcksek \u00e7arp\u0131lma davran\u0131\u015f\u0131<\/li>\n<li>Y\u00fcksek darbe dayan\u0131m\u0131<\/li>\n<li>D\u00fc\u015f\u00fck nem \u00e7ekme<\/li>\n<li>Yazd\u0131rma s\u0131ras\u0131nda koku yayar &#8221; ya\u015fam alan\u0131nda tedbir al\u0131nmadan kullan\u0131lmas\u0131 tavsiye edilmez&#8221;<\/li>\n<\/ul>\n<\/div>\n<\/div>\n<div class=\"p3d-block p3d-block-2 p3d-text\">\n<div class=\"p3d-text-content\">\n<p>&nbsp;<\/p>\n<\/div>\n<\/div>\n","protected":false},"excerpt":{"rendered":"<h3 data-heading-tag=\"H3\">Porima Pc\/ABS Filament RAL9005 1kg\u00a0&#8211; 1.75MM Siyah<\/h3>\n<p>Porima PC\/ABS Filament 1.75mm, y\u00fcksek darbe dayan\u0131m\u0131 ile karakterize edilen bir filamenttir. Ayn\u0131 zamanda y\u00fcksek s\u0131cakl\u0131k dayan\u0131m\u0131na sahiptir ve 120\u00b0C&#8217;ye kadar olan s\u0131cakl\u0131klarda kullan\u0131labilir. Kimyasallara ve solventlere kar\u015f\u0131 diren\u00e7 g\u00f6sterir. Elektriksel yal\u0131t\u0131m \u00f6zellikleri de bulunmaktad\u0131r.\u00a0Filamentin d\u00fc\u015f\u00fck \u00e7arp\u0131lma davran\u0131\u015f\u0131 vard\u0131r, bu da bask\u0131n\u0131n yap\u0131s\u0131 \u00fczerinde olumsuz etkilere neden olmaz. Y\u00fczey kalitesi m\u00fckemmeldir ve mat bir g\u00f6r\u00fcn\u00fcm sunar.<\/p>\n","protected":false},"featured_media":1006,"comment_status":"open","ping_status":"closed","template":"","meta":[],"product_brand":[41],"product_cat":[46],"product_tag":[],"class_list":{"0":"post-1003","1":"product","2":"type-product","3":"status-publish","4":"has-post-thumbnail","6":"product_brand-porima","7":"product_cat-abs","8":"pa_filament-capi-1-75mm","9":"pa_urun-agirligi-1-kg","10":"pa_urun-rengi-siyah","12":"first","13":"instock","14":"sale","15":"shipping-taxable","16":"purchasable","17":"product-type-simple"},"_links":{"self":[{"href":"https:\/\/www.trakya3d.com\/index.php\/wp-json\/wp\/v2\/product\/1003","targetHints":{"allow":["GET"]}}],"collection":[{"href":"https:\/\/www.trakya3d.com\/index.php\/wp-json\/wp\/v2\/product"}],"about":[{"href":"https:\/\/www.trakya3d.com\/index.php\/wp-json\/wp\/v2\/types\/product"}],"replies":[{"embeddable":true,"href":"https:\/\/www.trakya3d.com\/index.php\/wp-json\/wp\/v2\/comments?post=1003"}],"wp:featuredmedia":[{"embeddable":true,"href":"https:\/\/www.trakya3d.com\/index.php\/wp-json\/wp\/v2\/media\/1006"}],"wp:attachment":[{"href":"https:\/\/www.trakya3d.com\/index.php\/wp-json\/wp\/v2\/media?parent=1003"}],"wp:term":[{"taxonomy":"product_brand","embeddable":true,"href":"https:\/\/www.trakya3d.com\/index.php\/wp-json\/wp\/v2\/product_brand?post=1003"},{"taxonomy":"product_cat","embeddable":true,"href":"https:\/\/www.trakya3d.com\/index.php\/wp-json\/wp\/v2\/product_cat?post=1003"},{"taxonomy":"product_tag","embeddable":true,"href":"https:\/\/www.trakya3d.com\/index.php\/wp-json\/wp\/v2\/product_tag?post=1003"}],"curies":[{"name":"wp","href":"https:\/\/api.w.org\/{rel}","templated":true}]}}